{"id":1117,"date":"2026-02-10T19:10:02","date_gmt":"2026-02-10T19:10:02","guid":{"rendered":"https:\/\/purenitgloves.com\/?page_id=1117"},"modified":"2026-02-10T22:26:27","modified_gmt":"2026-02-10T22:26:27","slug":"hakkimizda","status":"publish","type":"page","link":"https:\/\/purenitgloves.com\/?page_id=1117","title":{"rendered":"Hakk\u0131m\u0131zda"},"content":{"rendered":"\n<h2 class=\"wp-block-heading\">Biz Kimiz? <\/h2>\n\n\n\n<h3 class=\"wp-block-heading\">Standartlar\u0131n \u00d6tesinde, Elinizin Hizmetinde<\/h3>\n\n\n\n<p>Purenit olarak biz, sadece eldiven \u00fcretmiyoruz; elinizin en de\u011ferli koruyucusunu, konfor ve g\u00fcvenli\u011fi birle\u015ftirerek yeniden tasarl\u0131yoruz. Sekt\u00f6rdeki &#8220;s\u0131radan&#8221; ve &#8220;ni\u015f&#8221; yakla\u015f\u0131mlar\u0131n d\u0131\u015f\u0131na \u00e7\u0131karak, ger\u00e7ek kaliteyi herkes i\u00e7in ula\u015f\u0131labilir k\u0131lmak amac\u0131yla yola \u00e7\u0131kt\u0131k.<\/p>\n\n\n\n<p><strong>Neden Purenit?<\/strong>&nbsp;Marka kimli\u011fimizi d\u00fcr\u00fcstl\u00fck \u00fczerine kurgulad\u0131k. Hikayemizi anlat\u0131rken s\u00fcsl\u00fc kelimelerin arkas\u0131na saklanmak yerine, sundu\u011fumuz iki \u00f6zel \u00fcr\u00fcn\u00fcn kalitesine ve dayan\u0131kl\u0131l\u0131\u011f\u0131na odaklan\u0131yoruz. Bizim i\u00e7in ba\u015far\u0131; eldivenlerimizi kulland\u0131\u011f\u0131n\u0131zda hissetti\u011finiz o &#8220;standart d\u0131\u015f\u0131&#8221; konfor ve sa\u011flad\u0131\u011f\u0131m\u0131z sars\u0131lmaz g\u00fcvendir.<\/p>\n\n\n\n<p><strong>Vizyonumuz<\/strong>&nbsp;Sadece bir \u00fcretici de\u011fil, \u00e7\u00f6z\u00fcm orta\u011f\u0131n\u0131z olmay\u0131 hedefliyoruz. Sayg\u0131nl\u0131k ve profesyonellikten \u00f6d\u00fcn vermeden, \u00e7a\u011fr\u0131\u015f\u0131mlar\u0131 kalitelile\u015ftiriyor ve el koruma standartlar\u0131n\u0131 Purenit kalitesiyle yukar\u0131 \u00e7ekiyoruz.<\/p>\n\n\n\n<figure class=\"wp-block-image size-large\"><img loading=\"lazy\" decoding=\"async\" width=\"1024\" height=\"819\" src=\"https:\/\/purenitgloves.com\/wp-content\/uploads\/2026\/02\/purenit.1690-1024x819.png\" alt=\"\" class=\"wp-image-1119\" srcset=\"https:\/\/purenitgloves.com\/wp-content\/uploads\/2026\/02\/purenit.1690-1024x819.png 1024w, https:\/\/purenitgloves.com\/wp-content\/uploads\/2026\/02\/purenit.1690-300x240.png 300w, https:\/\/purenitgloves.com\/wp-content\/uploads\/2026\/02\/purenit.1690-768x614.png 768w, https:\/\/purenitgloves.com\/wp-content\/uploads\/2026\/02\/purenit.1690-1536x1229.png 1536w, https:\/\/purenitgloves.com\/wp-content\/uploads\/2026\/02\/purenit.1690-2048x1638.png 2048w\" sizes=\"auto, (max-width: 1024px) 100vw, 1024px\" \/><\/figure>\n","protected":false},"excerpt":{"rendered":"<p>Biz Kimiz? Standartlar\u0131n \u00d6tesinde, Elinizin Hizmetinde Purenit olarak biz, sadece eldiven \u00fcretmiyoruz; elinizin en de\u011ferli koruyucusunu, konfor ve g\u00fcvenli\u011fi birle\u015ftirerek yeniden tasarl\u0131yoruz. Sekt\u00f6rdeki &#8220;s\u0131radan&#8221; ve &#8220;ni\u015f&#8221; yakla\u015f\u0131mlar\u0131n d\u0131\u015f\u0131na \u00e7\u0131karak, ger\u00e7ek kaliteyi herkes i\u00e7in ula\u015f\u0131labilir k\u0131lmak amac\u0131yla yola \u00e7\u0131kt\u0131k. Neden Purenit?&nbsp;Marka kimli\u011fimizi d\u00fcr\u00fcstl\u00fck \u00fczerine kurgulad\u0131k. Hikayemizi anlat\u0131rken s\u00fcsl\u00fc kelimelerin arkas\u0131na saklanmak yerine, sundu\u011fumuz iki \u00f6zel \u00fcr\u00fcn\u00fcn [&hellip;]<\/p>\n","protected":false},"author":1,"featured_media":0,"parent":0,"menu_order":0,"comment_status":"closed","ping_status":"closed","template":"","meta":{"footnotes":""},"class_list":["post-1117","page","type-page","status-publish","hentry"],"blocksy_meta":{"has_hero_section":"enabled","hero_elements":[{"id":"custom_title","enabled":false,"heading_tag":"h1","title":"Home","__id":"9o_q-3197mMsxCXyYpK2P"},{"id":"custom_description","enabled":true,"description_visibility":{"desktop":true,"tablet":true,"mobile":false},"__id":"5h-TTx5apygoL6ThZwlMb"},{"id":"custom_meta","enabled":false,"meta_elements":[{"id":"author","enabled":true,"label":"By","has_author_avatar":"yes","avatar_size":25},{"id":"post_date","enabled":true,"label":"On","date_format_source":"default","date_format":"M j, Y"},{"id":"updated_date","enabled":false,"label":"On","date_format_source":"default","date_format":"M j, Y"},{"id":"categories","enabled":false,"label":"In","style":"simple"},{"id":"comments","enabled":true}],"page_meta_elements":{"joined":true,"articles_count":true,"comments":true},"__id":"UY0hVBqONAdV9VZcrX3gH"},{"id":"breadcrumbs","enabled":false,"__id":"8zK87EaKD2uWeptIfKS1a"}],"styles_descriptor":{"styles":{"desktop":"[data-prefix=\"single_page\"] .entry-header .page-title {--theme-font-size:30px;} [data-prefix=\"single_page\"] .entry-header .entry-meta {--theme-font-weight:600;--theme-text-transform:uppercase;--theme-font-size:12px;--theme-line-height:1.3;}","tablet":"","mobile":""},"google_fonts":[],"version":6}},"_links":{"self":[{"href":"https:\/\/purenitgloves.com\/index.php?rest_route=\/wp\/v2\/pages\/1117","targetHints":{"allow":["GET"]}}],"collection":[{"href":"https:\/\/purenitgloves.com\/index.php?rest_route=\/wp\/v2\/pages"}],"about":[{"href":"https:\/\/purenitgloves.com\/index.php?rest_route=\/wp\/v2\/types\/page"}],"author":[{"embeddable":true,"href":"https:\/\/purenitgloves.com\/index.php?rest_route=\/wp\/v2\/users\/1"}],"replies":[{"embeddable":true,"href":"https:\/\/purenitgloves.com\/index.php?rest_route=%2Fwp%2Fv2%2Fcomments&post=1117"}],"version-history":[{"count":2,"href":"https:\/\/purenitgloves.com\/index.php?rest_route=\/wp\/v2\/pages\/1117\/revisions"}],"predecessor-version":[{"id":1120,"href":"https:\/\/purenitgloves.com\/index.php?rest_route=\/wp\/v2\/pages\/1117\/revisions\/1120"}],"wp:attachment":[{"href":"https:\/\/purenitgloves.com\/index.php?rest_route=%2Fwp%2Fv2%2Fmedia&parent=1117"}],"curies":[{"name":"wp","href":"https:\/\/api.w.org\/{rel}","templated":true}]}}